{"id":19,"date":"2024-06-20T16:35:41","date_gmt":"2024-06-20T14:35:41","guid":{"rendered":"http:\/\/gilbard.v2.gilbard.be\/?page_id=19"},"modified":"2025-04-09T16:04:57","modified_gmt":"2025-04-09T14:04:57","slug":"contact","status":"publish","type":"page","link":"https:\/\/www.gilbard.be\/en\/contact\/","title":{"rendered":"Contact"},"content":{"rendered":"","protected":false},"excerpt":{"rendered":"","protected":false},"author":1,"featured_media":0,"parent":0,"menu_order":10,"comment_status":"closed","ping_status":"closed","template":"","meta":[],"folder":[],"class_list":["post-19","page","type-page","status-publish","hentry"],"grid":"{\r\n  \"colCount\": 12,\r\n  \"colGutter\": 1,\r\n  \"rowGutters\": [\r\n    5\r\n  ],\r\n  \"frameMargin\": 5,\r\n  \"leftFrameMargin\": 3,\r\n  \"rightFrameMargin\": 3,\r\n  \"topFrameMargin\": 7,\r\n  \"mus\": {\r\n    \"colGutterMu\": \"%\",\r\n    \"rowGutterMu\": \"%\",\r\n    \"topFrameMu\": \"%\",\r\n    \"bottomFrameMu\": \"%\",\r\n    \"frameMu\": \"%\"\r\n  },\r\n  \"bottomFrameMargin\": 3,\r\n  \"rowAttrs\": [\r\n    {\r\n      \"row100vh\": false,\r\n      \"rowcustomheight\": \"60vh\",\r\n      \"relid\": 4\r\n    },\r\n    {\r\n      \"relid\": 9\r\n    }\r\n  ],\r\n  \"bgColor\": null,\r\n  \"bgImage\": null,\r\n  \"cont\": [\r\n    {\r\n      \"type\": \"text\",\r\n      \"cont\": \"<p style=\\\"line-height: 0.7;\\\"><a rel=\\\"noopener\\\" href=\\\"http:\/\/google.com\/maps\/place\/\/data=!4m2!3m1!1s0x47c3c5abfd1895a1:0x66d816f92347d93d?sa=X&amp;ved=1t:8290&amp;ictx=111\\\" target=\\\"_blank\\\"><span style=\\\"font-weight: 400;\\\">Rue de Liverpool 77, <\/span><\/a><a rel=\\\"noopener\\\" href=\\\"http:\/\/google.com\/maps\/place\/\/data=!4m2!3m1!1s0x47c3c5abfd1895a1:0x66d816f92347d93d?sa=X&amp;ved=1t:8290&amp;ictx=111\\\" target=\\\"_blank\\\"><span style=\\\"font-weight: 400;\\\">1070 Anderlecht<\/span><\/a><\/p><h2 style=\\\"line-height: 0.7;\\\"><span style=\\\"font-weight: 400;\\\">Tous les vendredis, 13:30\u201318:00<\/span><\/h2><p style=\\\"line-height: 0.7; text-align: left;\\\"><span style=\\\"font-weight: 400;\\\">+32 471 92 61 04<\/span><\/p>\",\r\n      \"align\": \"top\",\r\n      \"row\": 0,\r\n      \"col\": 0,\r\n      \"colspan\": 12,\r\n      \"offsetx\": 0,\r\n      \"offsety\": 0,\r\n      \"spaceabove\": 0,\r\n      \"spacebelow\": 0,\r\n      \"yvel\": 1,\r\n      \"push\": 0,\r\n      \"relid\": 2,\r\n      \"absolute_position\": true\r\n    },\r\n    {\r\n      \"type\": \"text\",\r\n      \"cont\": \"<p style=\\\"text-align: center;\\\"><span style=\\\"font-weight: 400;\\\">R\u00e9cup\u00e9ration de mat\u00e9riaux<\/span><\/p><p style=\\\"text-align: center;\\\"><a class=\\\"laybutton1 laybutton\\\" rel=\\\"noopener\\\" href=\\\"mailto:stock@gilbard.be\\\" target=\\\"_blank\\\"><span style=\\\"font-weight: 400;\\\">stock(at)gilbard.be<\/span><\/a><\/p><p style=\\\"text-align: center;\\\"><span style=\\\"font-weight: 400;\\\">Activit\u00e9s de quartier<\/span><\/p><p style=\\\"text-align: center;\\\"><a class=\\\"laybutton1 laybutton\\\" rel=\\\"noopener\\\" href=\\\"mailto:1070@gilbard.be\\\" target=\\\"_blank\\\"><span style=\\\"font-weight: 400;\\\">1070(at)gilbard.be<\/span><\/a><\/p>\",\r\n      \"align\": \"middle\",\r\n      \"row\": 0,\r\n      \"col\": 2,\r\n      \"colspan\": 4,\r\n      \"offsetx\": 0,\r\n      \"offsety\": 0,\r\n      \"spaceabove\": 0,\r\n      \"spacebelow\": 0,\r\n      \"yvel\": 1,\r\n      \"push\": 2,\r\n      \"relid\": 6,\r\n      \"absolute_position\": true\r\n    },\r\n    {\r\n      \"type\": \"text\",\r\n      \"cont\": \"<p style=\\\"text-align: center;\\\"><span style=\\\"font-weight: 400;\\\">G\u00e9n\u00e9ral<\/span><\/p><p style=\\\"text-align: center;\\\"><a class=\\\"laybutton1 laybutton\\\" rel=\\\"noopener\\\" href=\\\"mailto:info@gilbard.be\\\" target=\\\"_blank\\\"><span style=\\\"font-weight: 400;\\\">info(at)gilbard.be<\/span><\/a><\/p>\",\r\n      \"align\": \"bottom\",\r\n      \"row\": 0,\r\n      \"col\": 4,\r\n      \"colspan\": 4,\r\n      \"offsetx\": 0,\r\n      \"offsety\": 0,\r\n      \"spaceabove\": 0,\r\n      \"spacebelow\": 0,\r\n      \"yvel\": 1,\r\n      \"push\": 4,\r\n      \"relid\": 10,\r\n      \"absolute_position\": true\r\n    },\r\n    {\r\n      \"type\": \"text\",\r\n      \"cont\": \"<p style=\\\"text-align: center;\\\"><span style=\\\"font-weight: 400;\\\">Exp\u00e9rimentation Art &amp; Design<\/span><\/p><p style=\\\"text-align: center;\\\"><a class=\\\"laybutton1 laybutton\\\" rel=\\\"noopener\\\" href=\\\"mailto:prog@gilbard.be\\\" target=\\\"_blank\\\"><span style=\\\"font-weight: 400;\\\">prog(at)gilbard.be<\/span><\/a><\/p><p style=\\\"text-align: center;\\\"><span style=\\\"font-weight: 400;\\\">Commande\/Partenariat<\/span><\/p><p style=\\\"text-align: center;\\\"><a class=\\\"laybutton1 laybutton\\\" rel=\\\"noopener\\\" href=\\\"mailto:commandes@gilbard.be\\\" target=\\\"_blank\\\"><span style=\\\"font-weight: 400;\\\">commandes(at)gilbard.be<\/span><\/a><a rel=\\\"noopener\\\" href=\\\"mailto:info@gilbard.be\\\" target=\\\"_blank\\\"><\/a><\/p>\",\r\n      \"align\": \"middle\",\r\n      \"row\": 0,\r\n      \"col\": 6,\r\n      \"colspan\": 4,\r\n      \"offsetx\": 0,\r\n      \"offsety\": 0,\r\n      \"spaceabove\": 0,\r\n      \"spacebelow\": 0,\r\n      \"yvel\": 1,\r\n      \"push\": 6,\r\n      \"relid\": 8,\r\n      \"absolute_position\": true\r\n    },\r\n    {\r\n      \"type\": \"text\",\r\n      \"cont\": \"<h1 style=\\\"text-align: center;\\\">Newsletter<\/h1><p style=\\\"text-align: center;\\\"><a class=\\\"laybutton1 laybutton\\\" rel=\\\"noopener\\\" href=\\\"https:\/\/www.stats.sender.net\/forms\/ejGoYa\/view\\\" target=\\\"_blank\\\"><span>inscription<\/span><\/a><\/p>\",\r\n      \"align\": \"top\",\r\n      \"row\": 1,\r\n      \"col\": 5,\r\n      \"colspan\": 2,\r\n      \"offsetx\": 0,\r\n      \"offsety\": 0,\r\n      \"spaceabove\": 0,\r\n      \"spacebelow\": 0,\r\n      \"yvel\": 1,\r\n      \"push\": 5,\r\n      \"relid\": 11,\r\n      \"absolute_position\": false\r\n    }\r\n  ]\r\n}","phonegrid":"{\r\n  \"colCount\": 12,\r\n  \"colGutter\": 1,\r\n  \"rowGutters\": [\r\n    \"40\",\r\n    \"20\",\r\n    \"20\"\r\n  ],\r\n  \"frameMargin\": 5,\r\n  \"topFrameMargin\": 5,\r\n  \"rightFrameMargin\": 5,\r\n  \"bottomFrameMargin\": \"7\",\r\n  \"leftFrameMargin\": 5,\r\n  \"mus\": {\r\n    \"colGutterMu\": \"%\",\r\n    \"rowGutterMu\": \"px\",\r\n    \"topFrameMu\": \"%\",\r\n    \"bottomFrameMu\": \"%\",\r\n    \"frameMu\": \"%\"\r\n  },\r\n  \"rowAttrs\": [\r\n    {\r\n      \"relid\": 1\r\n    },\r\n    {\r\n      \"relid\": 3\r\n    },\r\n    {\r\n      \"relid\": 5\r\n    },\r\n    {\r\n      \"relid\": 7\r\n    }\r\n  ],\r\n  \"bgColor\": null,\r\n  \"bgImage\": null,\r\n  \"cont\": [\r\n    {\r\n      \"type\": \"text\",\r\n      \"cont\": \"<p style=\\\"line-height: 0.7;\\\"><a rel=\\\"noopener\\\" href=\\\"http:\/\/google.com\/maps\/place\/\/data=!4m2!3m1!1s0x47c3c5abfd1895a1:0x66d816f92347d93d?sa=X&amp;ved=1t:8290&amp;ictx=111\\\" target=\\\"_blank\\\"><span style=\\\"font-weight: 400;\\\">Rue de Liverpool 77, <\/span><\/a><a rel=\\\"noopener\\\" href=\\\"http:\/\/google.com\/maps\/place\/\/data=!4m2!3m1!1s0x47c3c5abfd1895a1:0x66d816f92347d93d?sa=X&amp;ved=1t:8290&amp;ictx=111\\\" target=\\\"_blank\\\"><span style=\\\"font-weight: 400;\\\">1070 Anderlecht<\/span><\/a><\/p><h2 style=\\\"line-height: 0.7;\\\"><span style=\\\"font-weight: 400;\\\">Tous les vendredis, 13:30\u201318:00<\/span><\/h2><p style=\\\"line-height: 0.7; text-align: left;\\\"><span style=\\\"font-weight: 400;\\\">+32 471 92 61 04<\/span><\/p>\",\r\n      \"align\": \"bottom\",\r\n      \"row\": 0,\r\n      \"col\": 0,\r\n      \"colspan\": 12,\r\n      \"offsetx\": 0,\r\n      \"offsety\": 0,\r\n      \"spaceabove\": 0,\r\n      \"spacebelow\": 0,\r\n      \"yvel\": 1,\r\n      \"push\": 0,\r\n      \"relid\": 2,\r\n      \"absolute_position\": false\r\n    },\r\n    {\r\n      \"type\": \"text\",\r\n      \"cont\": \"<p style=\\\"text-align: center;\\\"><span style=\\\"font-weight: 400;\\\">R\u00e9cup\u00e9ration de mat\u00e9riaux<\/span><\/p><p style=\\\"text-align: center;\\\"><a class=\\\"laybutton1 laybutton\\\" rel=\\\"noopener\\\" href=\\\"mailto:stock@gilbard.be\\\" target=\\\"_blank\\\"><span style=\\\"font-weight: 400;\\\">stock(at)gilbard.be<\/span><\/a><\/p><p style=\\\"text-align: center;\\\"><span style=\\\"font-weight: 400;\\\">Activit\u00e9s de quartier<\/span><\/p><p style=\\\"text-align: center;\\\"><a class=\\\"laybutton1 laybutton\\\" rel=\\\"noopener\\\" href=\\\"mailto:1070@gilbard.be\\\" target=\\\"_blank\\\"><span style=\\\"font-weight: 400;\\\">1070(at)gilbard.be<\/span><\/a><\/p>\",\r\n      \"align\": \"top\",\r\n      \"row\": 1,\r\n      \"col\": 0,\r\n      \"colspan\": 12,\r\n      \"offsetx\": 0,\r\n      \"offsety\": 0,\r\n      \"spaceabove\": 0,\r\n      \"spacebelow\": 0,\r\n      \"yvel\": 1,\r\n      \"push\": 0,\r\n      \"relid\": 6,\r\n      \"absolute_position\": true,\r\n      \"frameOverflow\": \"\"\r\n    },\r\n    {\r\n      \"type\": \"text\",\r\n      \"cont\": \"<p style=\\\"text-align: center;\\\"><span style=\\\"font-weight: 400;\\\">Exp\u00e9rimentation Art &amp; Design<\/span><\/p><p style=\\\"text-align: center;\\\"><a class=\\\"laybutton1 laybutton\\\" rel=\\\"noopener\\\" href=\\\"mailto:prog@gilbard.be\\\" target=\\\"_blank\\\"><span style=\\\"font-weight: 400;\\\">prog(at)gilbard.be<\/span><\/a><\/p><p style=\\\"text-align: center;\\\"><span style=\\\"font-weight: 400;\\\">Commande\/Partenariat<\/span><\/p><p style=\\\"text-align: center;\\\"><a class=\\\"laybutton1 laybutton\\\" rel=\\\"noopener\\\" href=\\\"mailto:commandes@gilbard.be\\\" target=\\\"_blank\\\"><span style=\\\"font-weight: 400;\\\">commandes(at)gilbard.be<\/span><\/a><a rel=\\\"noopener\\\" href=\\\"mailto:info@gilbard.be\\\" target=\\\"_blank\\\"><\/a><\/p>\",\r\n      \"align\": \"top\",\r\n      \"row\": 2,\r\n      \"col\": 0,\r\n      \"colspan\": 12,\r\n      \"offsetx\": 0,\r\n      \"offsety\": 0,\r\n      \"spaceabove\": 0,\r\n      \"spacebelow\": 0,\r\n      \"yvel\": 1,\r\n      \"push\": 0,\r\n      \"relid\": 8,\r\n      \"absolute_position\": true,\r\n      \"frameOverflow\": \"\"\r\n    },\r\n    {\r\n      \"type\": \"text\",\r\n      \"cont\": \"<p style=\\\"text-align: center;\\\"><span style=\\\"font-weight: 400;\\\">G\u00e9n\u00e9ral<\/span><\/p><p style=\\\"text-align: center;\\\"><a class=\\\"laybutton1 laybutton\\\" rel=\\\"noopener\\\" href=\\\"mailto:info@gilbard.be\\\" target=\\\"_blank\\\"><span style=\\\"font-weight: 400;\\\">info(at)gilbard.be<\/span><\/a><\/p>\",\r\n      \"align\": \"top\",\r\n      \"row\": 3,\r\n      \"col\": 0,\r\n      \"colspan\": 12,\r\n      \"offsetx\": 0,\r\n      \"offsety\": 0,\r\n      \"spaceabove\": 0,\r\n      \"spacebelow\": 0,\r\n      \"yvel\": 1,\r\n      \"push\": 0,\r\n      \"relid\": 10,\r\n      \"absolute_position\": true,\r\n      \"frameOverflow\": \"\"\r\n    }\r\n  ]\r\n}","_links":{"self":[{"href":"https:\/\/www.gilbard.be\/en\/wp-json\/wp\/v2\/pages\/19","targetHints":{"allow":["GET"]}}],"collection":[{"href":"https:\/\/www.gilbard.be\/en\/wp-json\/wp\/v2\/pages"}],"about":[{"href":"https:\/\/www.gilbard.be\/en\/wp-json\/wp\/v2\/types\/page"}],"author":[{"embeddable":true,"href":"https:\/\/www.gilbard.be\/en\/wp-json\/wp\/v2\/users\/1"}],"replies":[{"embeddable":true,"href":"https:\/\/www.gilbard.be\/en\/wp-json\/wp\/v2\/comments?post=19"}],"version-history":[{"count":0,"href":"https:\/\/www.gilbard.be\/en\/wp-json\/wp\/v2\/pages\/19\/revisions"}],"wp:attachment":[{"href":"https:\/\/www.gilbard.be\/en\/wp-json\/wp\/v2\/media?parent=19"}],"wp:term":[{"taxonomy":"folder","embeddable":true,"href":"https:\/\/www.gilbard.be\/en\/wp-json\/wp\/v2\/folder?post=19"}],"curies":[{"name":"wp","href":"https:\/\/api.w.org\/{rel}","templated":true}]}}