{"id":921,"date":"2026-05-07T19:52:35","date_gmt":"2026-05-07T17:52:35","guid":{"rendered":"https:\/\/www.gilbard.be\/infos-copy\/"},"modified":"2026-05-07T22:43:41","modified_gmt":"2026-05-07T20:43:41","slug":"f-a-q","status":"publish","type":"page","link":"https:\/\/www.gilbard.be\/en\/f-a-q\/","title":{"rendered":"F.A.Q."},"content":{"rendered":"","protected":false},"excerpt":{"rendered":"","protected":false},"author":1,"featured_media":0,"parent":0,"menu_order":7,"comment_status":"closed","ping_status":"closed","template":"","meta":[],"folder":[],"class_list":["post-921","page","type-page","status-publish","hentry"],"grid":"{\r\n  \"colCount\": 12,\r\n  \"colGutter\": 2,\r\n  \"rowGutters\": [\r\n    20,\r\n    20,\r\n    20,\r\n    20,\r\n    20,\r\n    20,\r\n    20,\r\n    20,\r\n    20,\r\n    20,\r\n    20,\r\n    20,\r\n    20,\r\n    20,\r\n    20,\r\n    20,\r\n    20,\r\n    20,\r\n    20\r\n  ],\r\n  \"frameMargin\": 5,\r\n  \"leftFrameMargin\": 3,\r\n  \"rightFrameMargin\": 3,\r\n  \"topFrameMargin\": 7,\r\n  \"horizontalGrid\": {\r\n    \"show\": false,\r\n    \"space\": 1,\r\n    \"mu\": \"%\"\r\n  },\r\n  \"mus\": {\r\n    \"colGutterMu\": \"%\",\r\n    \"rowGutterMu\": \"px\",\r\n    \"topFrameMu\": \"%\",\r\n    \"bottomFrameMu\": \"%\",\r\n    \"frameMu\": \"%\"\r\n  },\r\n  \"bottomFrameMargin\": 3,\r\n  \"rowAttrs\": [\r\n    {\r\n      \"relid\": 14\r\n    },\r\n    {\r\n      \"relid\": 71\r\n    },\r\n    {\r\n      \"relid\": 16\r\n    },\r\n    {\r\n      \"relid\": 1\r\n    },\r\n    {\r\n      \"relid\": 11\r\n    },\r\n    {\r\n      \"relid\": 21\r\n    },\r\n    {\r\n      \"relid\": 23\r\n    },\r\n    {\r\n      \"relid\": 26\r\n    },\r\n    {\r\n      \"relid\": 34\r\n    },\r\n    {\r\n      \"relid\": 56\r\n    },\r\n    {\r\n      \"relid\": 51\r\n    },\r\n    {\r\n      \"relid\": 5\r\n    },\r\n    {\r\n      \"relid\": 12\r\n    },\r\n    {\r\n      \"relid\": 28\r\n    },\r\n    {\r\n      \"relid\": 18\r\n    },\r\n    {\r\n      \"relid\": 7\r\n    },\r\n    {\r\n      \"relid\": 54\r\n    },\r\n    {\r\n      \"relid\": 30\r\n    },\r\n    {\r\n      \"relid\": 32\r\n    },\r\n    {\r\n      \"relid\": 10\r\n    }\r\n  ],\r\n  \"bgColor\": null,\r\n  \"bgImage\": null,\r\n  \"cont\": [\r\n    {\r\n      \"type\": \"text\",\r\n      \"cont\": \"<h1 class=\\\"_Titre\\\" style=\\\"text-align: center;\\\"><span style=\\\"font-weight: 400;\\\">F.A.Q.<\/span><\/h1>\",\r\n      \"align\": \"top\",\r\n      \"row\": 0,\r\n      \"col\": 5,\r\n      \"colspan\": 2,\r\n      \"offsetx\": 0,\r\n      \"offsety\": 0,\r\n      \"spaceabove\": 0,\r\n      \"spacebelow\": 0,\r\n      \"yvel\": 1,\r\n      \"push\": 5,\r\n      \"relid\": 15,\r\n      \"absolute_position\": false,\r\n      \"html_id\": \"gilbard\",\r\n      \"zIndex\": 0\r\n    },\r\n    {\r\n      \"type\": \"text\",\r\n      \"cont\": \"<p><a class=\\\"laybutton1 laybutton\\\" href=\\\"#QuestceGilbard\\\">Qu\u2019est-ce qu\u2019un Gilbard?<\/a><\/p><p class=\\\"padding m-0 text-xxl text-center plain\\\"><a class=\\\"laybutton1 laybutton\\\" href=\\\"#ASBLGilbard\\\">Qu\u2019est-ce que l\u2019ASBL Gilbard?<\/a><\/p><p class=\\\"padding m-0 text-xxl text-center plain\\\"><a class=\\\"laybutton1 laybutton\\\" href=\\\"#inscrire\\\">Comment s\u2019inscrire \u00e0 Gilbard?<\/a><\/p><p class=\\\"padding m-0 text-xxl text-center plain\\\"><a class=\\\"laybutton1 laybutton\\\" href=\\\"#r\u00e9cup\u00e9rath\u00e8que\\\">La r\u00e9cup\u00e9rath\u00e8que, qu\u2019est-ce que c\u2019est?<\/a><\/p><p class=\\\"padding m-0 text-xxl text-center plain\\\"><a class=\\\"laybutton1 laybutton\\\" href=\\\"#d\u00e9posermat\u00e9riaux\\\">Comment d\u00e9poser ou utiliser des mat\u00e9riaux \u00e0 la r\u00e9cup\u00e9rath\u00e8que?<\/a><\/p><p class=\\\"padding m-0 text-xxl text-center plain\\\"><a class=\\\"laybutton1 laybutton\\\" href=\\\"#mat\u00e9riauxtrouver\\\">Quel type de mat\u00e9riaux puis-je trouver \u00e0 Gilbard?<\/a><\/p><p class=\\\"padding m-0 text-xxl text-center plain\\\"><a class=\\\"laybutton1 laybutton\\\" href=\\\"#layprevproject\\\">Que peut-on r\u00e9cup\u00e9rer avec 10G?<\/a><\/p><p class=\\\"padding m-0 text-xxl text-center plain\\\"><a class=\\\"laybutton1 laybutton\\\" href=\\\"#r\u00e9cup\u00e9rerG\\\">Comment gagner ou r\u00e9cup\u00e9rer des G?<\/a><\/p><p class=\\\"padding m-0 text-xxl text-center plain\\\"><a class=\\\"laybutton1 laybutton\\\" href=\\\"#soutenir\\\">Comment nous soutenir?<\/a><\/p>\",\r\n      \"align\": \"top\",\r\n      \"row\": 1,\r\n      \"offsetx\": 0,\r\n      \"offsety\": 0,\r\n      \"spaceabove\": 0,\r\n      \"spacebelow\": 0,\r\n      \"yvel\": 1,\r\n      \"relid\": 8,\r\n      \"frameOverflow\": \"\",\r\n      \"left\": 2.9927059496567505,\r\n      \"width\": 30.361484553775746,\r\n      \"top\": 14.878611270022887,\r\n      \"placeFreely\": true,\r\n      \"zIndex\": 21\r\n    },\r\n    {\r\n      \"type\": \"text\",\r\n      \"cont\": \"<h2 class=\\\"p1\\\" style=\\\"text-align: center;\\\"><br \/>Qu\u2019est-ce qu\u2019un Gilbard?<\/h2>\",\r\n      \"align\": \"top\",\r\n      \"row\": 1,\r\n      \"col\": 5,\r\n      \"colspan\": 6,\r\n      \"offsetx\": 0,\r\n      \"offsety\": 0,\r\n      \"spaceabove\": 0,\r\n      \"spacebelow\": 0,\r\n      \"yvel\": 1,\r\n      \"push\": 5,\r\n      \"relid\": 17,\r\n      \"absolute_position\": false,\r\n      \"zIndex\": 1,\r\n      \"html_id\": \"QuestceGilbard\"\r\n    },\r\n    {\r\n      \"type\": \"text\",\r\n      \"cont\": \"<p><span style=\\\"font-weight: 400; font-size: 16px;\\\"><span>Il s\u2019agit d\u2019une expression argotique qui d\u00e9signe un personnage d\u00e9cal\u00e9 dont l\u2019apparence se remarque.<br \/>Ex: Ce\/Cette gilbard(e) n\u2019arr\u00eate pas de gilbarder.<\/span><\/span><\/p>\",\r\n      \"align\": \"top\",\r\n      \"row\": 2,\r\n      \"col\": 5,\r\n      \"colspan\": 6,\r\n      \"offsetx\": 0,\r\n      \"offsety\": 0,\r\n      \"spaceabove\": 0,\r\n      \"spacebelow\": 0,\r\n      \"yvel\": 1,\r\n      \"push\": 5,\r\n      \"relid\": 6,\r\n      \"absolute_position\": false,\r\n      \"zIndex\": 11,\r\n      \"pxwidth\": null\r\n    },\r\n    {\r\n      \"type\": \"text\",\r\n      \"cont\": \"<h2 class=\\\"p1\\\" style=\\\"text-align: center;\\\"><br \/>Qu\u2019est-ce que l\u2019ASBL Gilbard?<\/h2>\",\r\n      \"align\": \"top\",\r\n      \"row\": 3,\r\n      \"col\": 5,\r\n      \"colspan\": 6,\r\n      \"offsetx\": 0,\r\n      \"offsety\": 0,\r\n      \"spaceabove\": 0,\r\n      \"spacebelow\": 0,\r\n      \"yvel\": 1,\r\n      \"push\": 5,\r\n      \"relid\": 2,\r\n      \"absolute_position\": false,\r\n      \"zIndex\": 2,\r\n      \"html_id\": \"ASBLGilbard\"\r\n    },\r\n    {\r\n      \"type\": \"text\",\r\n      \"cont\": \"<p><span style=\\\"font-size: 16px;\\\">Gilbard est un collectif bas\u00e9 \u00e0 Anderlecht qui travaille \u00e0 partir de mat\u00e9riaux de r\u00e9emploi pour concevoir des projets locaux autour de l'art et du design.<\/span><\/p><p><span style=\\\"font-size: 16px;\\\">Le collectif m\u00e8ne diff\u00e9rentes activit\u00e9s autour d'un lieu de vie et d'\u00e9change situ\u00e9 Rue de Liverpool 77 \u00e0 Anderlecht.<\/span><\/p>\",\r\n      \"align\": \"top\",\r\n      \"row\": 4,\r\n      \"col\": 5,\r\n      \"colspan\": 6,\r\n      \"offsetx\": 0,\r\n      \"offsety\": 0,\r\n      \"spaceabove\": 0,\r\n      \"spacebelow\": 0,\r\n      \"yvel\": 1,\r\n      \"push\": 5,\r\n      \"relid\": 4,\r\n      \"absolute_position\": false,\r\n      \"zIndex\": 12\r\n    },\r\n    {\r\n      \"type\": \"text\",\r\n      \"cont\": \"<h2 style=\\\"text-align: center;\\\"><br \/>Comment s\u2019inscrire \u00e0 Gilbard?<\/h2>\",\r\n      \"align\": \"top\",\r\n      \"row\": 5,\r\n      \"col\": 5,\r\n      \"colspan\": 6,\r\n      \"offsetx\": 0,\r\n      \"offsety\": 0,\r\n      \"spaceabove\": 0,\r\n      \"spacebelow\": 0,\r\n      \"yvel\": 1,\r\n      \"push\": 5,\r\n      \"relid\": 20,\r\n      \"absolute_position\": false,\r\n      \"zIndex\": 3,\r\n      \"html_id\": \"inscrire\",\r\n      \"frameOverflow\": \"\"\r\n    },\r\n    {\r\n      \"type\": \"text\",\r\n      \"cont\": \"<p><span style=\\\"font-size: 16px;\\\">Pour s\u2019inscrire, il faut vous rendre directement sur place: au 77 rue Liverpool. A . Le prix est libre. \u00c0 l\u2019inscription, vous recevrez 10 G en tant que nouvel adh\u00e9rent pour utiliser le mat\u00e9riel de la r\u00e9cup\u00e9rath\u00e8que.<\/span><\/p>\",\r\n      \"align\": \"top\",\r\n      \"row\": 6,\r\n      \"col\": 5,\r\n      \"colspan\": 6,\r\n      \"offsetx\": 0,\r\n      \"offsety\": 0,\r\n      \"spaceabove\": 0,\r\n      \"spacebelow\": 0,\r\n      \"yvel\": 1,\r\n      \"push\": 5,\r\n      \"relid\": 25,\r\n      \"absolute_position\": false,\r\n      \"zIndex\": 13,\r\n      \"frameOverflow\": \"\"\r\n    },\r\n    {\r\n      \"type\": \"text\",\r\n      \"cont\": \"<h2 class=\\\"p1\\\" style=\\\"text-align: center;\\\"><span style=\\\"font-size: 25px;\\\"><br \/>La r\u00e9cup\u00e9rath\u00e8que, qu\u2019est-ce que c\u2019est?<\/span><\/h2>\",\r\n      \"align\": \"top\",\r\n      \"row\": 7,\r\n      \"col\": 5,\r\n      \"colspan\": 6,\r\n      \"offsetx\": 0,\r\n      \"offsety\": 0,\r\n      \"spaceabove\": 0,\r\n      \"spacebelow\": 0,\r\n      \"yvel\": 1,\r\n      \"push\": 5,\r\n      \"relid\": 27,\r\n      \"absolute_position\": false,\r\n      \"zIndex\": 4,\r\n      \"html_id\": \"r\u00e9cup\u00e9rath\u00e8que\",\r\n      \"frameOverflow\": \"\"\r\n    },\r\n    {\r\n      \"type\": \"text\",\r\n      \"cont\": \"<p><span style=\\\"font-size: 16px;\\\">C\u2019est le lieu o\u00f9 sont stock\u00e9s et reconditionn\u00e9s tous les mat\u00e9riaux bruts, tels que la peinture, le bois ou le m\u00e9tal.<\/span><\/p>\",\r\n      \"align\": \"top\",\r\n      \"row\": 8,\r\n      \"col\": 5,\r\n      \"colspan\": 6,\r\n      \"offsetx\": 0,\r\n      \"offsety\": 0,\r\n      \"spaceabove\": 0,\r\n      \"spacebelow\": 0,\r\n      \"yvel\": 1,\r\n      \"push\": 5,\r\n      \"relid\": 49,\r\n      \"absolute_position\": false,\r\n      \"zIndex\": 14,\r\n      \"frameOverflow\": \"\"\r\n    },\r\n    {\r\n      \"type\": \"text\",\r\n      \"cont\": \"<h2 class=\\\"p1\\\" style=\\\"text-align: center;\\\"><br \/>Comment d\u00e9poser ou utiliser des mat\u00e9riaux \u00e0 la r\u00e9cup\u00e9rath\u00e8que?<\/h2>\",\r\n      \"align\": \"top\",\r\n      \"row\": 9,\r\n      \"col\": 5,\r\n      \"colspan\": 6,\r\n      \"offsetx\": 0,\r\n      \"offsety\": 0,\r\n      \"spaceabove\": 0,\r\n      \"spacebelow\": 0,\r\n      \"yvel\": 1,\r\n      \"push\": 5,\r\n      \"relid\": 57,\r\n      \"absolute_position\": false,\r\n      \"zIndex\": 5,\r\n      \"html_id\": \"d\u00e9posermat\u00e9riaux\",\r\n      \"frameOverflow\": \"\"\r\n    },\r\n    {\r\n      \"type\": \"text\",\r\n      \"cont\": \"<p class=\\\"plain pt-2\\\"><span style=\\\"font-size: 16px;\\\">Si vous d\u00e9sirez d\u00e9poser des mat\u00e9riaux : envoyer des photos des mat\u00e9riaux et leurs mesures \u00e0 l'adresse: <a rel=\\\"noopener\\\" href=\\\"mailto:info@gilbard.be\\\" target=\\\"_blank\\\">info@gilbard.be<\/a><\/span><\/p><p class=\\\"plain pt-2\\\"><span style=\\\"font-size: 16px;\\\"><i class=\\\"fas fa-arrow-right\\\" aria-hidden=\\\"true\\\"><\/i>\u00a0Si vous d\u00e9sirez retirer des mat\u00e9riaux: prendre rendez-vous par t\u00e9l\u00e9phone ou par mail (<a rel=\\\"noopener\\\" href=\\\"mailto:info@gilbard.be\\\" target=\\\"_blank\\\">info@gilbard.be<\/a>) pour choisir les mat\u00e9riaux d\u00e9sir\u00e9s.<\/span><\/p>\",\r\n      \"align\": \"top\",\r\n      \"row\": 10,\r\n      \"col\": 5,\r\n      \"colspan\": 6,\r\n      \"offsetx\": 0,\r\n      \"offsety\": 0,\r\n      \"spaceabove\": 0,\r\n      \"spacebelow\": 0,\r\n      \"yvel\": 1,\r\n      \"push\": 5,\r\n      \"relid\": 58,\r\n      \"absolute_position\": false,\r\n      \"zIndex\": 15,\r\n      \"frameOverflow\": \"\"\r\n    },\r\n    {\r\n      \"type\": \"text\",\r\n      \"cont\": \"<h2 style=\\\"text-align: center;\\\"><br \/>Quel type de mat\u00e9riaux puis-je trouver \u00e0 Gilbard?<\/h2>\",\r\n      \"align\": \"top\",\r\n      \"row\": 11,\r\n      \"col\": 5,\r\n      \"colspan\": 6,\r\n      \"offsetx\": 0,\r\n      \"offsety\": 0,\r\n      \"spaceabove\": 0,\r\n      \"spacebelow\": 0,\r\n      \"yvel\": 1,\r\n      \"push\": 5,\r\n      \"relid\": 63,\r\n      \"absolute_position\": false,\r\n      \"zIndex\": 7,\r\n      \"html_id\": \"mat\u00e9riauxtrouver\",\r\n      \"frameOverflow\": \"\"\r\n    },\r\n    {\r\n      \"type\": \"text\",\r\n      \"cont\": \"<p><span style=\\\"font-size: 16px;\\\">Des mat\u00e9riaux bruts de construction et de cr\u00e9ation tels que : du bois, du m\u00e9tal, du tissu, du verre, ...<\/span><\/p>\",\r\n      \"align\": \"top\",\r\n      \"row\": 12,\r\n      \"col\": 5,\r\n      \"colspan\": 6,\r\n      \"offsetx\": 0,\r\n      \"offsety\": 0,\r\n      \"spaceabove\": 0,\r\n      \"spacebelow\": 0,\r\n      \"yvel\": 1,\r\n      \"push\": 5,\r\n      \"relid\": 62,\r\n      \"absolute_position\": false,\r\n      \"zIndex\": 17,\r\n      \"frameOverflow\": \"\"\r\n    },\r\n    {\r\n      \"type\": \"text\",\r\n      \"cont\": \"<h2 style=\\\"text-align: center;\\\"><br \/>Que peut-on r\u00e9cup\u00e9rer avec 10G?<\/h2>\",\r\n      \"align\": \"top\",\r\n      \"row\": 13,\r\n      \"col\": 5,\r\n      \"colspan\": 6,\r\n      \"offsetx\": 0,\r\n      \"offsety\": 0,\r\n      \"spaceabove\": 0,\r\n      \"spacebelow\": 0,\r\n      \"yvel\": 1,\r\n      \"push\": 5,\r\n      \"relid\": 64,\r\n      \"absolute_position\": false,\r\n      \"zIndex\": 8,\r\n      \"html_id\": \"10G\",\r\n      \"frameOverflow\": \"\"\r\n    },\r\n    {\r\n      \"type\": \"text\",\r\n      \"cont\": \"<p><span style=\\\"font-size: 16px;\\\">Par exemple: 5m de baguettes de bois<\/span><\/p><ul><li><span style=\\\"font-size: 16px;\\\">5 kilos d'acier<\/span><\/li><li><span style=\\\"font-size: 16px;\\\">3,33m\u00b2 de papier<\/span><\/li><li><span style=\\\"font-size: 16px;\\\">3,33 litres de peinture et beaucoup d'autres mat\u00e9riaux de r\u00e9emploi!<\/span><\/li><\/ul>\",\r\n      \"align\": \"top\",\r\n      \"row\": 14,\r\n      \"col\": 5,\r\n      \"colspan\": 6,\r\n      \"offsetx\": 0,\r\n      \"offsety\": 0,\r\n      \"spaceabove\": 0,\r\n      \"spacebelow\": 0,\r\n      \"yvel\": 1,\r\n      \"push\": 5,\r\n      \"relid\": 65,\r\n      \"absolute_position\": false,\r\n      \"zIndex\": 18,\r\n      \"frameOverflow\": \"\"\r\n    },\r\n    {\r\n      \"type\": \"text\",\r\n      \"cont\": \"<h2 style=\\\"text-align: center;\\\"><br \/>Comment gagner ou r\u00e9cup\u00e9rer des G?<\/h2>\",\r\n      \"align\": \"top\",\r\n      \"row\": 15,\r\n      \"col\": 5,\r\n      \"colspan\": 6,\r\n      \"offsetx\": 0,\r\n      \"offsety\": 0,\r\n      \"spaceabove\": 0,\r\n      \"spacebelow\": 0,\r\n      \"yvel\": 1,\r\n      \"push\": 5,\r\n      \"relid\": 66,\r\n      \"absolute_position\": false,\r\n      \"zIndex\": 9,\r\n      \"html_id\": \"r\u00e9cup\u00e9rerG\",\r\n      \"frameOverflow\": \"\"\r\n    },\r\n    {\r\n      \"type\": \"text\",\r\n      \"cont\": \"<p class=\\\"plain pt-2\\\"><i class=\\\"fas fa-arrow-right\\\" aria-hidden=\\\"true\\\"><\/i><span style=\\\"font-size: 16px;\\\">\u00a0Il existe plusieurs moyens de gagner ou r\u00e9cup\u00e9rer les G d\u00e9pens\u00e9s:<\/span><\/p><ul><li class=\\\"plain pt-2\\\"><span style=\\\"font-size: 16px;\\\"><i class=\\\"fas fa-arrow-right\\\" aria-hidden=\\\"true\\\"><\/i>\u00a0D\u00e9poser de nouveaux mat\u00e9riaux \u00e0 la r\u00e9cup\u00e9rath\u00e8que<\/span><\/li><li class=\\\"plain pt-2\\\"><span style=\\\"font-size: 16px;\\\"><i class=\\\"fas fa-arrow-right\\\" aria-hidden=\\\"true\\\"><\/i>\u00a0Aider \u00e0 la r\u00e9cup\u00e9rath\u00e8que : ranger, reconditionner, nettoyer, tenir une permanence, ...<\/span><\/li><li class=\\\"plain pt-2\\\"><span style=\\\"font-size: 16px;\\\"><i class=\\\"fas fa-arrow-right\\\" aria-hidden=\\\"true\\\"><\/i>\u00a0Aider \u00e0 l'ASBL : participer \u00e0 nos projets, organiser des ateliers, des \u00e9v\u00e9nements, ...<\/span><\/li><\/ul>\",\r\n      \"align\": \"top\",\r\n      \"row\": 16,\r\n      \"col\": 5,\r\n      \"colspan\": 6,\r\n      \"offsetx\": 0,\r\n      \"offsety\": 0,\r\n      \"spaceabove\": 0,\r\n      \"spacebelow\": 0,\r\n      \"yvel\": 1,\r\n      \"push\": 5,\r\n      \"relid\": 67,\r\n      \"absolute_position\": false,\r\n      \"zIndex\": 19,\r\n      \"frameOverflow\": \"\"\r\n    },\r\n    {\r\n      \"type\": \"text\",\r\n      \"cont\": \"<h2 style=\\\"text-align: center;\\\"><br \/>Comment nous soutenir?<\/h2>\",\r\n      \"align\": \"top\",\r\n      \"row\": 17,\r\n      \"col\": 5,\r\n      \"colspan\": 6,\r\n      \"offsetx\": 0,\r\n      \"offsety\": 0,\r\n      \"spaceabove\": 0,\r\n      \"spacebelow\": 0,\r\n      \"yvel\": 1,\r\n      \"push\": 5,\r\n      \"relid\": 68,\r\n      \"absolute_position\": false,\r\n      \"zIndex\": 10,\r\n      \"html_id\": \"soutenir\",\r\n      \"frameOverflow\": \"\"\r\n    },\r\n    {\r\n      \"type\": \"text\",\r\n      \"cont\": \"<ul><li class=\\\"plain pt-2\\\"><i class=\\\"fas fa-arrow-right\\\" aria-hidden=\\\"true\\\"><\/i><span style=\\\"font-size: 16px;\\\">\u00a0En venant vous inscrire sur place<\/span><\/li><li class=\\\"plain pt-2\\\"><span style=\\\"font-size: 16px;\\\"><i class=\\\"fas fa-arrow-right\\\" aria-hidden=\\\"true\\\"><\/i>\u00a0En d\u00e9posant des mat\u00e9riaux \u00e0 la r\u00e9cup\u00e9rath\u00e8que<\/span><\/li><li class=\\\"plain pt-2\\\"><span style=\\\"font-size: 16px;\\\"><i class=\\\"fas fa-arrow-right\\\" aria-hidden=\\\"true\\\"><\/i>\u00a0En nous aidant ponctuellement<\/span><\/li><li class=\\\"plain pt-2\\\"><span style=\\\"font-size: 16px;\\\"><i class=\\\"fas fa-arrow-right\\\" aria-hidden=\\\"true\\\"><\/i>\u00a0En faisant un don au compte: BE61 0018 7200 4717<\/span><\/li><\/ul>\",\r\n      \"align\": \"top\",\r\n      \"row\": 18,\r\n      \"col\": 5,\r\n      \"colspan\": 6,\r\n      \"offsetx\": 0,\r\n      \"offsety\": 0,\r\n      \"spaceabove\": 0,\r\n      \"spacebelow\": 0,\r\n      \"yvel\": 1,\r\n      \"push\": 5,\r\n      \"relid\": 69,\r\n      \"absolute_position\": false,\r\n      \"zIndex\": 20,\r\n      \"frameOverflow\": \"\"\r\n    }\r\n  ]\r\n}","phonegrid":"{\r\n  \"colCount\": 12,\r\n  \"colGutter\": 1,\r\n  \"rowGutters\": [\r\n    5,\r\n    5,\r\n    5,\r\n    5,\r\n    5,\r\n    5,\r\n    5,\r\n    5,\r\n    5,\r\n    5,\r\n    5,\r\n    5,\r\n    5,\r\n    5,\r\n    5\r\n  ],\r\n  \"frameMargin\": 5,\r\n  \"topFrameMargin\": 5,\r\n  \"rightFrameMargin\": 5,\r\n  \"bottomFrameMargin\": \"8\",\r\n  \"leftFrameMargin\": 5,\r\n  \"mus\": {\r\n    \"colGutterMu\": \"%\",\r\n    \"rowGutterMu\": \"%\",\r\n    \"topFrameMu\": \"%\",\r\n    \"bottomFrameMu\": \"%\",\r\n    \"frameMu\": \"%\"\r\n  },\r\n  \"rowAttrs\": [\r\n    {\r\n      \"relid\": 35\r\n    },\r\n    {\r\n      \"relid\": 36\r\n    },\r\n    {\r\n      \"relid\": 37\r\n    },\r\n    {\r\n      \"relid\": 38\r\n    },\r\n    {\r\n      \"relid\": 39\r\n    },\r\n    {\r\n      \"relid\": 41\r\n    },\r\n    {\r\n      \"relid\": 40\r\n    },\r\n    {\r\n      \"relid\": 42\r\n    },\r\n    {\r\n      \"relid\": 43\r\n    },\r\n    {\r\n      \"relid\": 44\r\n    },\r\n    {\r\n      \"relid\": 45\r\n    },\r\n    {\r\n      \"relid\": 46\r\n    },\r\n    {\r\n      \"relid\": 47\r\n    },\r\n    {\r\n      \"relid\": 48\r\n    },\r\n    {\r\n      \"relid\": 52\r\n    },\r\n    {\r\n      \"relid\": 53\r\n    }\r\n  ],\r\n  \"bgColor\": null,\r\n  \"bgImage\": null,\r\n  \"cont\": [\r\n    {\r\n      \"type\": \"text\",\r\n      \"cont\": \"<h1 class=\\\"_Titre\\\" style=\\\"text-align: center;\\\"><span style=\\\"font-weight: 400;\\\">F.A.Q.<\/span><\/h1>\",\r\n      \"align\": \"bottom\",\r\n      \"row\": 0,\r\n      \"col\": 0,\r\n      \"colspan\": 12,\r\n      \"offsetx\": 0,\r\n      \"offsety\": 0,\r\n      \"spaceabove\": 0,\r\n      \"spacebelow\": 0,\r\n      \"yvel\": 1,\r\n      \"push\": 0,\r\n      \"relid\": 15,\r\n      \"absolute_position\": false,\r\n      \"html_id\": \"gilbard\",\r\n      \"zIndex\": 0\r\n    },\r\n    {\r\n      \"type\": \"text\",\r\n      \"cont\": \"<h2 class=\\\"p1\\\" style=\\\"text-align: center;\\\"><br \/>Qu\u2019est-ce qu\u2019un Gilbard?<\/h2>\",\r\n      \"align\": \"bottom\",\r\n      \"row\": 3,\r\n      \"col\": 0,\r\n      \"colspan\": 12,\r\n      \"offsetx\": 0,\r\n      \"offsety\": 0,\r\n      \"spaceabove\": 0,\r\n      \"spacebelow\": 0,\r\n      \"yvel\": 1,\r\n      \"push\": 0,\r\n      \"relid\": 17,\r\n      \"absolute_position\": false,\r\n      \"zIndex\": 1,\r\n      \"html_id\": \"QuestceGilbard\"\r\n    },\r\n    {\r\n      \"type\": \"text\",\r\n      \"cont\": \"<p><span style=\\\"font-weight: 400; font-size: 16px;\\\"><span>Il s\u2019agit d\u2019une expression argotique qui d\u00e9signe un personnage d\u00e9cal\u00e9 dont l\u2019apparence se remarque.<br \/>Ex: Ce\/Cette gilbard(e) n\u2019arr\u00eate pas de gilbarder.<\/span><\/span><\/p>\",\r\n      \"align\": \"bottom\",\r\n      \"row\": 5,\r\n      \"col\": 0,\r\n      \"colspan\": 12,\r\n      \"offsetx\": 0,\r\n      \"offsety\": 0,\r\n      \"spaceabove\": 0,\r\n      \"spacebelow\": 0,\r\n      \"yvel\": 1,\r\n      \"push\": 0,\r\n      \"relid\": 6,\r\n      \"absolute_position\": false,\r\n      \"zIndex\": 11,\r\n      \"pxwidth\": null\r\n    }\r\n  ]\r\n}","_links":{"self":[{"href":"https:\/\/www.gilbard.be\/en\/wp-json\/wp\/v2\/pages\/921","targetHints":{"allow":["GET"]}}],"collection":[{"href":"https:\/\/www.gilbard.be\/en\/wp-json\/wp\/v2\/pages"}],"about":[{"href":"https:\/\/www.gilbard.be\/en\/wp-json\/wp\/v2\/types\/page"}],"author":[{"embeddable":true,"href":"https:\/\/www.gilbard.be\/en\/wp-json\/wp\/v2\/users\/1"}],"replies":[{"embeddable":true,"href":"https:\/\/www.gilbard.be\/en\/wp-json\/wp\/v2\/comments?post=921"}],"version-history":[{"count":0,"href":"https:\/\/www.gilbard.be\/en\/wp-json\/wp\/v2\/pages\/921\/revisions"}],"wp:attachment":[{"href":"https:\/\/www.gilbard.be\/en\/wp-json\/wp\/v2\/media?parent=921"}],"wp:term":[{"taxonomy":"folder","embeddable":true,"href":"https:\/\/www.gilbard.be\/en\/wp-json\/wp\/v2\/folder?post=921"}],"curies":[{"name":"wp","href":"https:\/\/api.w.org\/{rel}","templated":true}]}}